{"id":1685,"date":"2025-11-16T10:19:53","date_gmt":"2025-11-16T09:19:53","guid":{"rendered":"https:\/\/pruebas.imcreativos.com\/inseriere\/"},"modified":"2025-12-13T10:53:04","modified_gmt":"2025-12-13T09:53:04","slug":"inseriere","status":"publish","type":"page","link":"https:\/\/pruebas.imcreativos.com\/de\/inseriere\/","title":{"rendered":"Inseriere"},"content":{"rendered":"","protected":false},"excerpt":{"rendered":"","protected":false},"author":1,"featured_media":0,"parent":0,"menu_order":0,"comment_status":"closed","ping_status":"closed","template":"wp-custom-template-p-ginas-est-ticas","meta":{"footnotes":""},"class_list":["post-1685","page","type-page","status-publish","hentry"],"yoast_head":"<!-- This site is optimized with the Yoast SEO plugin v27.3 - https:\/\/yoast.com\/product\/yoast-seo-wordpress\/ -->\n<title>Werben auf AlojaC\u00e1diz | Unterkunft oder Gesch\u00e4ft in C\u00e1diz bewerben<\/title>\n<meta name=\"description\" content=\"Werben Sie auf AlojaC\u00e1diz und pr\u00e4sentieren Sie Ihre Unterkunft oder Ihr Gesch\u00e4ft in Conil, El Palmar und Vejer. Jahrespl\u00e4ne ohne Provisionen.\" \/>\n<meta name=\"robots\" content=\"index, follow, max-snippet:-1, max-image-preview:large, max-video-preview:-1\" \/>\n<link rel=\"canonical\" href=\"https:\/\/pruebas.imcreativos.com\/de\/inseriere\/\" \/>\n<meta property=\"og:locale\" content=\"de_DE\" \/>\n<meta property=\"og:type\" content=\"article\" \/>\n<meta property=\"og:title\" content=\"Werben auf AlojaC\u00e1diz | Unterkunft oder Gesch\u00e4ft in C\u00e1diz bewerben\" \/>\n<meta property=\"og:description\" content=\"Werben Sie auf AlojaC\u00e1diz und pr\u00e4sentieren Sie Ihre Unterkunft oder Ihr Gesch\u00e4ft in Conil, El Palmar und Vejer. Jahrespl\u00e4ne ohne Provisionen.\" \/>\n<meta property=\"og:url\" content=\"https:\/\/pruebas.imcreativos.com\/de\/inseriere\/\" \/>\n<meta property=\"og:site_name\" content=\"AlojaC\u00e1diz\" \/>\n<meta property=\"article:modified_time\" content=\"2025-12-13T09:53:04+00:00\" \/>\n<meta property=\"og:image\" content=\"https:\/\/pruebas.imcreativos.com\/wp-content\/uploads\/2025\/11\/AlojaCadiz-anunciate-1024x682.jpg\" \/>\n<meta name=\"twitter:card\" content=\"summary_large_image\" \/>\n<script type=\"application\/ld+json\" class=\"yoast-schema-graph\">{\"@context\":\"https:\\\/\\\/schema.org\",\"@graph\":[{\"@type\":\"WebPage\",\"@id\":\"https:\\\/\\\/pruebas.imcreativos.com\\\/de\\\/inseriere\\\/\",\"url\":\"https:\\\/\\\/pruebas.imcreativos.com\\\/de\\\/inseriere\\\/\",\"name\":\"Werben auf AlojaC\u00e1diz | Unterkunft oder Gesch\u00e4ft in C\u00e1diz bewerben\",\"isPartOf\":{\"@id\":\"https:\\\/\\\/pruebas.imcreativos.com\\\/de\\\/#website\"},\"datePublished\":\"2025-11-16T09:19:53+00:00\",\"dateModified\":\"2025-12-13T09:53:04+00:00\",\"description\":\"Werben Sie auf AlojaC\u00e1diz und pr\u00e4sentieren Sie Ihre Unterkunft oder Ihr Gesch\u00e4ft in Conil, El Palmar und Vejer. Jahrespl\u00e4ne ohne Provisionen.\",\"breadcrumb\":{\"@id\":\"https:\\\/\\\/pruebas.imcreativos.com\\\/de\\\/inseriere\\\/#breadcrumb\"},\"inLanguage\":\"de\",\"potentialAction\":[{\"@type\":\"ReadAction\",\"target\":[\"https:\\\/\\\/pruebas.imcreativos.com\\\/de\\\/inseriere\\\/\"]}]},{\"@type\":\"BreadcrumbList\",\"@id\":\"https:\\\/\\\/pruebas.imcreativos.com\\\/de\\\/inseriere\\\/#breadcrumb\",\"itemListElement\":[{\"@type\":\"ListItem\",\"position\":1,\"name\":\"Portada\",\"item\":\"https:\\\/\\\/pruebas.imcreativos.com\\\/de\\\/\"},{\"@type\":\"ListItem\",\"position\":2,\"name\":\"Inseriere\"}]},{\"@type\":\"WebSite\",\"@id\":\"https:\\\/\\\/pruebas.imcreativos.com\\\/de\\\/#website\",\"url\":\"https:\\\/\\\/pruebas.imcreativos.com\\\/de\\\/\",\"name\":\"AlojaC\u00e1diz\",\"description\":\"Finden Sie Ihre ideale Unterkunft in Conil, El Palmar und Vejer de la Frontera. H\u00e4user, Apartments und Villen an der K\u00fcste von C\u00e1diz f\u00fcr Ihren perfekten Urlaub.\",\"publisher\":{\"@id\":\"https:\\\/\\\/pruebas.imcreativos.com\\\/de\\\/#\\\/schema\\\/person\\\/58dc68f178a3bacad0190ff39edef3e4\"},\"potentialAction\":[{\"@type\":\"SearchAction\",\"target\":{\"@type\":\"EntryPoint\",\"urlTemplate\":\"https:\\\/\\\/pruebas.imcreativos.com\\\/de\\\/?s={search_term_string}\"},\"query-input\":{\"@type\":\"PropertyValueSpecification\",\"valueRequired\":true,\"valueName\":\"search_term_string\"}}],\"inLanguage\":\"de\"},{\"@type\":[\"Person\",\"Organization\"],\"@id\":\"https:\\\/\\\/pruebas.imcreativos.com\\\/de\\\/#\\\/schema\\\/person\\\/58dc68f178a3bacad0190ff39edef3e4\",\"name\":\"Agust\u00edn Alba P\u00e9rez\",\"image\":{\"@type\":\"ImageObject\",\"inLanguage\":\"de\",\"@id\":\"https:\\\/\\\/pruebas.imcreativos.com\\\/wp-content\\\/uploads\\\/2025\\\/11\\\/cropped-Logo-aloja-cadiz.png\",\"url\":\"https:\\\/\\\/pruebas.imcreativos.com\\\/wp-content\\\/uploads\\\/2025\\\/11\\\/cropped-Logo-aloja-cadiz.png\",\"contentUrl\":\"https:\\\/\\\/pruebas.imcreativos.com\\\/wp-content\\\/uploads\\\/2025\\\/11\\\/cropped-Logo-aloja-cadiz.png\",\"width\":512,\"height\":512,\"caption\":\"Agust\u00edn Alba P\u00e9rez\"},\"logo\":{\"@id\":\"https:\\\/\\\/pruebas.imcreativos.com\\\/wp-content\\\/uploads\\\/2025\\\/11\\\/cropped-Logo-aloja-cadiz.png\"}}]}<\/script>\n<!-- \/ Yoast SEO plugin. -->","yoast_head_json":{"title":"Werben auf AlojaC\u00e1diz | Unterkunft oder Gesch\u00e4ft in C\u00e1diz bewerben","description":"Werben Sie auf AlojaC\u00e1diz und pr\u00e4sentieren Sie Ihre Unterkunft oder Ihr Gesch\u00e4ft in Conil, El Palmar und Vejer. Jahrespl\u00e4ne ohne Provisionen.","robots":{"index":"index","follow":"follow","max-snippet":"max-snippet:-1","max-image-preview":"max-image-preview:large","max-video-preview":"max-video-preview:-1"},"canonical":"https:\/\/pruebas.imcreativos.com\/de\/inseriere\/","og_locale":"de_DE","og_type":"article","og_title":"Werben auf AlojaC\u00e1diz | Unterkunft oder Gesch\u00e4ft in C\u00e1diz bewerben","og_description":"Werben Sie auf AlojaC\u00e1diz und pr\u00e4sentieren Sie Ihre Unterkunft oder Ihr Gesch\u00e4ft in Conil, El Palmar und Vejer. Jahrespl\u00e4ne ohne Provisionen.","og_url":"https:\/\/pruebas.imcreativos.com\/de\/inseriere\/","og_site_name":"AlojaC\u00e1diz","article_modified_time":"2025-12-13T09:53:04+00:00","og_image":[{"url":"https:\/\/pruebas.imcreativos.com\/wp-content\/uploads\/2025\/11\/AlojaCadiz-anunciate-1024x682.jpg","type":"","width":"","height":""}],"twitter_card":"summary_large_image","schema":{"@context":"https:\/\/schema.org","@graph":[{"@type":"WebPage","@id":"https:\/\/pruebas.imcreativos.com\/de\/inseriere\/","url":"https:\/\/pruebas.imcreativos.com\/de\/inseriere\/","name":"Werben auf AlojaC\u00e1diz | Unterkunft oder Gesch\u00e4ft in C\u00e1diz bewerben","isPartOf":{"@id":"https:\/\/pruebas.imcreativos.com\/de\/#website"},"datePublished":"2025-11-16T09:19:53+00:00","dateModified":"2025-12-13T09:53:04+00:00","description":"Werben Sie auf AlojaC\u00e1diz und pr\u00e4sentieren Sie Ihre Unterkunft oder Ihr Gesch\u00e4ft in Conil, El Palmar und Vejer. Jahrespl\u00e4ne ohne Provisionen.","breadcrumb":{"@id":"https:\/\/pruebas.imcreativos.com\/de\/inseriere\/#breadcrumb"},"inLanguage":"de","potentialAction":[{"@type":"ReadAction","target":["https:\/\/pruebas.imcreativos.com\/de\/inseriere\/"]}]},{"@type":"BreadcrumbList","@id":"https:\/\/pruebas.imcreativos.com\/de\/inseriere\/#breadcrumb","itemListElement":[{"@type":"ListItem","position":1,"name":"Portada","item":"https:\/\/pruebas.imcreativos.com\/de\/"},{"@type":"ListItem","position":2,"name":"Inseriere"}]},{"@type":"WebSite","@id":"https:\/\/pruebas.imcreativos.com\/de\/#website","url":"https:\/\/pruebas.imcreativos.com\/de\/","name":"AlojaC\u00e1diz","description":"Finden Sie Ihre ideale Unterkunft in Conil, El Palmar und Vejer de la Frontera. H\u00e4user, Apartments und Villen an der K\u00fcste von C\u00e1diz f\u00fcr Ihren perfekten Urlaub.","publisher":{"@id":"https:\/\/pruebas.imcreativos.com\/de\/#\/schema\/person\/58dc68f178a3bacad0190ff39edef3e4"},"potentialAction":[{"@type":"SearchAction","target":{"@type":"EntryPoint","urlTemplate":"https:\/\/pruebas.imcreativos.com\/de\/?s={search_term_string}"},"query-input":{"@type":"PropertyValueSpecification","valueRequired":true,"valueName":"search_term_string"}}],"inLanguage":"de"},{"@type":["Person","Organization"],"@id":"https:\/\/pruebas.imcreativos.com\/de\/#\/schema\/person\/58dc68f178a3bacad0190ff39edef3e4","name":"Agust\u00edn Alba P\u00e9rez","image":{"@type":"ImageObject","inLanguage":"de","@id":"https:\/\/pruebas.imcreativos.com\/wp-content\/uploads\/2025\/11\/cropped-Logo-aloja-cadiz.png","url":"https:\/\/pruebas.imcreativos.com\/wp-content\/uploads\/2025\/11\/cropped-Logo-aloja-cadiz.png","contentUrl":"https:\/\/pruebas.imcreativos.com\/wp-content\/uploads\/2025\/11\/cropped-Logo-aloja-cadiz.png","width":512,"height":512,"caption":"Agust\u00edn Alba P\u00e9rez"},"logo":{"@id":"https:\/\/pruebas.imcreativos.com\/wp-content\/uploads\/2025\/11\/cropped-Logo-aloja-cadiz.png"}}]}},"_links":{"self":[{"href":"https:\/\/pruebas.imcreativos.com\/de\/wp-json\/wp\/v2\/pages\/1685","targetHints":{"allow":["GET"]}}],"collection":[{"href":"https:\/\/pruebas.imcreativos.com\/de\/wp-json\/wp\/v2\/pages"}],"about":[{"href":"https:\/\/pruebas.imcreativos.com\/de\/wp-json\/wp\/v2\/types\/page"}],"author":[{"embeddable":true,"href":"https:\/\/pruebas.imcreativos.com\/de\/wp-json\/wp\/v2\/users\/1"}],"replies":[{"embeddable":true,"href":"https:\/\/pruebas.imcreativos.com\/de\/wp-json\/wp\/v2\/comments?post=1685"}],"version-history":[{"count":0,"href":"https:\/\/pruebas.imcreativos.com\/de\/wp-json\/wp\/v2\/pages\/1685\/revisions"}],"wp:attachment":[{"href":"https:\/\/pruebas.imcreativos.com\/de\/wp-json\/wp\/v2\/media?parent=1685"}],"curies":[{"name":"wp","href":"https:\/\/api.w.org\/{rel}","templated":true}]}}