{"id":1694,"date":"2025-11-26T12:40:54","date_gmt":"2025-11-26T11:40:54","guid":{"rendered":"https:\/\/pruebas.imcreativos.com\/impressum\/"},"modified":"2025-11-26T12:59:56","modified_gmt":"2025-11-26T11:59:56","slug":"impressum","status":"publish","type":"page","link":"https:\/\/pruebas.imcreativos.com\/de\/impressum\/","title":{"rendered":"Impressum"},"content":{"rendered":"<p data-start=\"166\" data-end=\"259\">Website-Inhaber: Agust\u00edn Alba P\u00e9rez<br data-start=\"211\" data-end=\"214\"><strong data-start=\"166\" data-end=\"192\">Kontakt-E-Mail:<\/strong> <a class=\"decorated-link cursor-pointer\" href=\"mailto:info@pruebas.imcreativos.com\" rel=\"noopener\" data-start=\"238\" data-end=\"257\">info@pruebas.imcreativos.com<\/a><\/p>\n<p data-start=\"261\" data-end=\"668\"><strong data-start=\"261\" data-end=\"282\">Zweck der Website:<\/strong><br data-start=\"282\" data-end=\"285\">Diese Website erm\u00f6glicht registrierten Nutzern, Immobilienanzeigen zu ver\u00f6ffentlichen. Die Anzeigen enthalten die Kontaktdaten der Eigent\u00fcmer oder Verantwortlichen, damit Interessierte direkt Kontakt aufnehmen k\u00f6nnen. Die Website \u00fcbernimmt keine Buchungen oder Zahlungen, daher gelten keine Stornierungs- oder R\u00fcckerstattungsrichtlinien.  <\/p>\n<p data-start=\"670\" data-end=\"804\"><strong data-start=\"670\" data-end=\"698\">Datenerhebung und -nutzung:<\/strong><br data-start=\"698\" data-end=\"701\">F\u00fcr die Ver\u00f6ffentlichung von Anzeigen werden folgende pers\u00f6nliche Daten der Nutzer erfasst:<\/p>\n<ul data-start=\"805\" data-end=\"872\">\n<li data-start=\"805\" data-end=\"827\">\n<p data-start=\"807\" data-end=\"827\">Vor- und Nachname<\/p>\n<\/li>\n<li data-start=\"828\" data-end=\"849\">\n<p data-start=\"830\" data-end=\"849\">Benutzername<\/p>\n<\/li>\n<li data-start=\"850\" data-end=\"872\">\n<p data-start=\"852\" data-end=\"872\">E-Mail-Adresse<\/p>\n<\/li>\n<\/ul>\n<p data-start=\"874\" data-end=\"1115\">F\u00fcr jede Immobilie werden notwendige Daten erfasst, z.\u202fB. Adresse, Telefonnummer, Merkmale der Unterkunft, Bilder und Videos (z.\u202fB. von YouTube) sowie Links zu sozialen Medien (Instagram, TikTok etc.).<\/p>\n<p data-start=\"1117\" data-end=\"1392\"><strong data-start=\"1117\" data-end=\"1137\">Haftung:<\/strong><br data-start=\"1137\" data-end=\"1140\">Der Website-Inhaber \u00fcbernimmt keine Verantwortung f\u00fcr die Richtigkeit, Wahrhaftigkeit oder Legalit\u00e4t der von Nutzern ver\u00f6ffentlichten Anzeigen. Alle Informationen zu Immobilien, Preisen oder Dienstleistungen m\u00fcssen direkt beim Eigent\u00fcmer \u00fcberpr\u00fcft werden. <\/p>\n<p data-start=\"1394\" data-end=\"1631\"><strong data-start=\"1394\" data-end=\"1420\">Inhalte Dritter:<\/strong><br data-start=\"1420\" data-end=\"1423\">Nutzer k\u00f6nnen Videos und Links von Drittanbietern in ihren Anzeigen einbetten. Die Website \u00fcbernimmt keine Verantwortung f\u00fcr Inhalte Dritter, deren Verf\u00fcgbarkeit, Lizenzen oder Urheberrechte. <\/p>\n<p data-start=\"1633\" data-end=\"1825\"><strong data-start=\"1633\" data-end=\"1652\">\u00c4nderungen:<\/strong><br data-start=\"1652\" data-end=\"1655\">Der Website-Inhaber beh\u00e4lt sich das Recht vor, Inhalte der Website sowie dieses Impressum jederzeit ohne vorherige Ank\u00fcndigung zu \u00e4ndern, zu aktualisieren oder zu entfernen.<\/p>\n<p data-start=\"1827\" data-end=\"1952\"><strong data-start=\"1827\" data-end=\"1840\">Kontakt:<\/strong><br data-start=\"1840\" data-end=\"1843\">Bei Fragen zu diesem Impressum kontaktieren Sie uns bitte unter <a class=\"decorated-link cursor-pointer\" href=\"mailto:info@pruebas.imcreativos.com\" rel=\"noopener\" data-start=\"1931\" data-end=\"1950\">info@pruebas.imcreativos.com<\/a><\/p>\n","protected":false},"excerpt":{"rendered":"<p>Website-Inhaber: Agust\u00edn Alba P\u00e9rezKontakt-E-Mail: info@pruebas.imcreativos.com Zweck der Website:Diese Website erm\u00f6glicht registrierten Nutzern, Immobilienanzeigen zu ver\u00f6ffentlichen. Die Anzeigen enthalten die Kontaktdaten der Eigent\u00fcmer oder Verantwortlichen, damit Interessierte direkt Kontakt aufnehmen k\u00f6nnen. Die Website \u00fcbernimmt keine Buchungen oder Zahlungen, daher gelten keine Stornierungs- oder R\u00fcckerstattungsrichtlinien. Datenerhebung und -nutzung:F\u00fcr die Ver\u00f6ffentlichung von Anzeigen werden folgende pers\u00f6nliche Daten der [&hellip;]<\/p>\n","protected":false},"author":1,"featured_media":0,"parent":0,"menu_order":0,"comment_status":"closed","ping_status":"closed","template":"","meta":{"footnotes":""},"class_list":["post-1694","page","type-page","status-publish","hentry"],"yoast_head":"<!-- This site is optimized with the Yoast SEO plugin v27.3 - https:\/\/yoast.com\/product\/yoast-seo-wordpress\/ -->\n<title>Impressum - AlojaC\u00e1diz<\/title>\n<meta name=\"robots\" content=\"index, follow, max-snippet:-1, max-image-preview:large, max-video-preview:-1\" \/>\n<link rel=\"canonical\" href=\"https:\/\/pruebas.imcreativos.com\/de\/impressum\/\" \/>\n<meta property=\"og:locale\" content=\"de_DE\" \/>\n<meta property=\"og:type\" content=\"article\" \/>\n<meta property=\"og:title\" content=\"Impressum - AlojaC\u00e1diz\" \/>\n<meta property=\"og:description\" content=\"Website-Inhaber: Agust\u00edn Alba P\u00e9rezKontakt-E-Mail: info@pruebas.imcreativos.com Zweck der Website:Diese Website erm\u00f6glicht registrierten Nutzern, I\" \/>\n<meta property=\"og:url\" content=\"https:\/\/pruebas.imcreativos.com\/de\/impressum\/\" \/>\n<meta property=\"og:site_name\" content=\"AlojaC\u00e1diz\" \/>\n<meta property=\"article:modified_time\" content=\"2025-11-26T11:59:56+00:00\" \/>\n<meta name=\"twitter:card\" content=\"summary_large_image\" \/>\n<meta name=\"twitter:label1\" content=\"Gesch\u00e4tzte Lesezeit\" \/>\n\t<meta name=\"twitter:data1\" content=\"1\u00a0Minute\" \/>\n<script type=\"application\/ld+json\" class=\"yoast-schema-graph\">{\"@context\":\"https:\\\/\\\/schema.org\",\"@graph\":[{\"@type\":\"WebPage\",\"@id\":\"https:\\\/\\\/pruebas.imcreativos.com\\\/de\\\/impressum\\\/\",\"url\":\"https:\\\/\\\/pruebas.imcreativos.com\\\/de\\\/impressum\\\/\",\"name\":\"Impressum - AlojaC\u00e1diz\",\"isPartOf\":{\"@id\":\"https:\\\/\\\/pruebas.imcreativos.com\\\/de\\\/#website\"},\"datePublished\":\"2025-11-26T11:40:54+00:00\",\"dateModified\":\"2025-11-26T11:59:56+00:00\",\"breadcrumb\":{\"@id\":\"https:\\\/\\\/pruebas.imcreativos.com\\\/de\\\/impressum\\\/#breadcrumb\"},\"inLanguage\":\"de\",\"potentialAction\":[{\"@type\":\"ReadAction\",\"target\":[\"https:\\\/\\\/pruebas.imcreativos.com\\\/de\\\/impressum\\\/\"]}]},{\"@type\":\"BreadcrumbList\",\"@id\":\"https:\\\/\\\/pruebas.imcreativos.com\\\/de\\\/impressum\\\/#breadcrumb\",\"itemListElement\":[{\"@type\":\"ListItem\",\"position\":1,\"name\":\"Portada\",\"item\":\"https:\\\/\\\/pruebas.imcreativos.com\\\/de\\\/\"},{\"@type\":\"ListItem\",\"position\":2,\"name\":\"Impressum\"}]},{\"@type\":\"WebSite\",\"@id\":\"https:\\\/\\\/pruebas.imcreativos.com\\\/de\\\/#website\",\"url\":\"https:\\\/\\\/pruebas.imcreativos.com\\\/de\\\/\",\"name\":\"AlojaC\u00e1diz\",\"description\":\"Finden Sie Ihre ideale Unterkunft in Conil, El Palmar und Vejer de la Frontera. H\u00e4user, Apartments und Villen an der K\u00fcste von C\u00e1diz f\u00fcr Ihren perfekten Urlaub.\",\"publisher\":{\"@id\":\"https:\\\/\\\/pruebas.imcreativos.com\\\/de\\\/#\\\/schema\\\/person\\\/58dc68f178a3bacad0190ff39edef3e4\"},\"potentialAction\":[{\"@type\":\"SearchAction\",\"target\":{\"@type\":\"EntryPoint\",\"urlTemplate\":\"https:\\\/\\\/pruebas.imcreativos.com\\\/de\\\/?s={search_term_string}\"},\"query-input\":{\"@type\":\"PropertyValueSpecification\",\"valueRequired\":true,\"valueName\":\"search_term_string\"}}],\"inLanguage\":\"de\"},{\"@type\":[\"Person\",\"Organization\"],\"@id\":\"https:\\\/\\\/pruebas.imcreativos.com\\\/de\\\/#\\\/schema\\\/person\\\/58dc68f178a3bacad0190ff39edef3e4\",\"name\":\"Agust\u00edn Alba P\u00e9rez\",\"image\":{\"@type\":\"ImageObject\",\"inLanguage\":\"de\",\"@id\":\"https:\\\/\\\/pruebas.imcreativos.com\\\/wp-content\\\/uploads\\\/2025\\\/11\\\/cropped-Logo-aloja-cadiz.png\",\"url\":\"https:\\\/\\\/pruebas.imcreativos.com\\\/wp-content\\\/uploads\\\/2025\\\/11\\\/cropped-Logo-aloja-cadiz.png\",\"contentUrl\":\"https:\\\/\\\/pruebas.imcreativos.com\\\/wp-content\\\/uploads\\\/2025\\\/11\\\/cropped-Logo-aloja-cadiz.png\",\"width\":512,\"height\":512,\"caption\":\"Agust\u00edn Alba P\u00e9rez\"},\"logo\":{\"@id\":\"https:\\\/\\\/pruebas.imcreativos.com\\\/wp-content\\\/uploads\\\/2025\\\/11\\\/cropped-Logo-aloja-cadiz.png\"}}]}<\/script>\n<!-- \/ Yoast SEO plugin. -->","yoast_head_json":{"title":"Impressum - AlojaC\u00e1diz","robots":{"index":"index","follow":"follow","max-snippet":"max-snippet:-1","max-image-preview":"max-image-preview:large","max-video-preview":"max-video-preview:-1"},"canonical":"https:\/\/pruebas.imcreativos.com\/de\/impressum\/","og_locale":"de_DE","og_type":"article","og_title":"Impressum - AlojaC\u00e1diz","og_description":"Website-Inhaber: Agust\u00edn Alba P\u00e9rezKontakt-E-Mail: info@pruebas.imcreativos.com Zweck der Website:Diese Website erm\u00f6glicht registrierten Nutzern, I","og_url":"https:\/\/pruebas.imcreativos.com\/de\/impressum\/","og_site_name":"AlojaC\u00e1diz","article_modified_time":"2025-11-26T11:59:56+00:00","twitter_card":"summary_large_image","twitter_misc":{"Gesch\u00e4tzte Lesezeit":"1\u00a0Minute"},"schema":{"@context":"https:\/\/schema.org","@graph":[{"@type":"WebPage","@id":"https:\/\/pruebas.imcreativos.com\/de\/impressum\/","url":"https:\/\/pruebas.imcreativos.com\/de\/impressum\/","name":"Impressum - AlojaC\u00e1diz","isPartOf":{"@id":"https:\/\/pruebas.imcreativos.com\/de\/#website"},"datePublished":"2025-11-26T11:40:54+00:00","dateModified":"2025-11-26T11:59:56+00:00","breadcrumb":{"@id":"https:\/\/pruebas.imcreativos.com\/de\/impressum\/#breadcrumb"},"inLanguage":"de","potentialAction":[{"@type":"ReadAction","target":["https:\/\/pruebas.imcreativos.com\/de\/impressum\/"]}]},{"@type":"BreadcrumbList","@id":"https:\/\/pruebas.imcreativos.com\/de\/impressum\/#breadcrumb","itemListElement":[{"@type":"ListItem","position":1,"name":"Portada","item":"https:\/\/pruebas.imcreativos.com\/de\/"},{"@type":"ListItem","position":2,"name":"Impressum"}]},{"@type":"WebSite","@id":"https:\/\/pruebas.imcreativos.com\/de\/#website","url":"https:\/\/pruebas.imcreativos.com\/de\/","name":"AlojaC\u00e1diz","description":"Finden Sie Ihre ideale Unterkunft in Conil, El Palmar und Vejer de la Frontera. H\u00e4user, Apartments und Villen an der K\u00fcste von C\u00e1diz f\u00fcr Ihren perfekten Urlaub.","publisher":{"@id":"https:\/\/pruebas.imcreativos.com\/de\/#\/schema\/person\/58dc68f178a3bacad0190ff39edef3e4"},"potentialAction":[{"@type":"SearchAction","target":{"@type":"EntryPoint","urlTemplate":"https:\/\/pruebas.imcreativos.com\/de\/?s={search_term_string}"},"query-input":{"@type":"PropertyValueSpecification","valueRequired":true,"valueName":"search_term_string"}}],"inLanguage":"de"},{"@type":["Person","Organization"],"@id":"https:\/\/pruebas.imcreativos.com\/de\/#\/schema\/person\/58dc68f178a3bacad0190ff39edef3e4","name":"Agust\u00edn Alba P\u00e9rez","image":{"@type":"ImageObject","inLanguage":"de","@id":"https:\/\/pruebas.imcreativos.com\/wp-content\/uploads\/2025\/11\/cropped-Logo-aloja-cadiz.png","url":"https:\/\/pruebas.imcreativos.com\/wp-content\/uploads\/2025\/11\/cropped-Logo-aloja-cadiz.png","contentUrl":"https:\/\/pruebas.imcreativos.com\/wp-content\/uploads\/2025\/11\/cropped-Logo-aloja-cadiz.png","width":512,"height":512,"caption":"Agust\u00edn Alba P\u00e9rez"},"logo":{"@id":"https:\/\/pruebas.imcreativos.com\/wp-content\/uploads\/2025\/11\/cropped-Logo-aloja-cadiz.png"}}]}},"_links":{"self":[{"href":"https:\/\/pruebas.imcreativos.com\/de\/wp-json\/wp\/v2\/pages\/1694","targetHints":{"allow":["GET"]}}],"collection":[{"href":"https:\/\/pruebas.imcreativos.com\/de\/wp-json\/wp\/v2\/pages"}],"about":[{"href":"https:\/\/pruebas.imcreativos.com\/de\/wp-json\/wp\/v2\/types\/page"}],"author":[{"embeddable":true,"href":"https:\/\/pruebas.imcreativos.com\/de\/wp-json\/wp\/v2\/users\/1"}],"replies":[{"embeddable":true,"href":"https:\/\/pruebas.imcreativos.com\/de\/wp-json\/wp\/v2\/comments?post=1694"}],"version-history":[{"count":0,"href":"https:\/\/pruebas.imcreativos.com\/de\/wp-json\/wp\/v2\/pages\/1694\/revisions"}],"wp:attachment":[{"href":"https:\/\/pruebas.imcreativos.com\/de\/wp-json\/wp\/v2\/media?parent=1694"}],"curies":[{"name":"wp","href":"https:\/\/api.w.org\/{rel}","templated":true}]}}