{"id":1700,"date":"2025-11-26T13:11:53","date_gmt":"2025-11-26T12:11:53","guid":{"rendered":"https:\/\/pruebas.imcreativos.com\/datenschutzerklaerung\/"},"modified":"2025-11-26T13:11:53","modified_gmt":"2025-11-26T12:11:53","slug":"datenschutzerklaerung","status":"publish","type":"page","link":"https:\/\/pruebas.imcreativos.com\/de\/datenschutzerklaerung\/","title":{"rendered":"Datenschutzerkl\u00e4rung"},"content":{"rendered":"<p data-start=\"193\" data-end=\"268\"><strong data-start=\"193\" data-end=\"225\">Verantwortlicher:<\/strong><br data-start=\"225\" data-end=\"228\">Agust\u00edn Alba P\u00e9rez \u2013 <a class=\"decorated-link cursor-pointer\" rel=\"noopener\" data-start=\"249\" data-end=\"268\">info@pruebas.imcreativos.com<\/a><\/p>\n<p data-start=\"270\" data-end=\"294\"><strong data-start=\"270\" data-end=\"292\">Gesammelte Daten:<\/strong><\/p>\n<ul data-start=\"295\" data-end=\"632\">\n<li data-start=\"295\" data-end=\"387\">\n<p data-start=\"297\" data-end=\"387\">Benutzerregistrierungsdaten: Vorname, Nachname, Benutzername und E-Mail-Adresse.<\/p>\n<\/li>\n<li data-start=\"388\" data-end=\"553\">\n<p data-start=\"390\" data-end=\"553\">Daten zu Immobilienanzeigen: Kontaktdaten der Immobilie, Adresse, Telefonnummer, Karten, Bilder und eingebettete Videos (YouTube, Instagram, TikTok).<\/p>\n<\/li>\n<li data-start=\"554\" data-end=\"632\">\n<p data-start=\"556\" data-end=\"632\">Nutzerbewertungen: Benutzername, Kommentar, Datum und Bewertung.<\/p>\n<\/li>\n<\/ul>\n<p data-start=\"634\" data-end=\"666\"><strong data-start=\"634\" data-end=\"664\">Zweck der Verarbeitung:<\/strong><\/p>\n<ul data-start=\"667\" data-end=\"976\">\n<li data-start=\"667\" data-end=\"737\">\n<p data-start=\"669\" data-end=\"737\">Erm\u00f6glichen der Benutzerregistrierung zur Ver\u00f6ffentlichung von Immobilienanzeigen auf der Website.<\/p>\n<\/li>\n<li data-start=\"738\" data-end=\"883\">\n<p data-start=\"740\" data-end=\"883\">Anzeigen von Kontaktdaten und Immobilienanzeigen, damit Interessenten direkt den Eigent\u00fcmer kontaktieren k\u00f6nnen.<\/p>\n<\/li>\n<li data-start=\"884\" data-end=\"976\">\n<p data-start=\"886\" data-end=\"976\">Anzeigen von Bewertungen, um anderen Nutzern eine fundierte Entscheidungsfindung zu erm\u00f6glichen.<\/p>\n<\/li>\n<\/ul>\n<p data-start=\"978\" data-end=\"1160\"><strong data-start=\"978\" data-end=\"998\">Datenweitergabe:<\/strong><br data-start=\"998\" data-end=\"1001\">Benutzerdaten werden nicht an Dritte weitergegeben, au\u00dfer wenn dies gesetzlich erforderlich ist oder zur Anzeige eingebetteter Social-Media-Inhalte und Videos.<\/p>\n<p data-start=\"1162\" data-end=\"1309\"><strong data-start=\"1162\" data-end=\"1194\">Dauer der Speicherung:<\/strong><br data-start=\"1194\" data-end=\"1197\">Die Daten werden solange aufbewahrt, wie ein Konto aktiv ist oder die Immobilie auf der Website ver\u00f6ffentlicht bleibt.<\/p>\n<p data-start=\"1311\" data-end=\"1453\"><strong data-start=\"1311\" data-end=\"1325\">Sicherheit:<\/strong><br data-start=\"1325\" data-end=\"1328\">Es werden technische und organisatorische Ma\u00dfnahmen angewendet, um Daten vor unbefugtem Zugriff oder Verlust zu sch\u00fctzen.<\/p>\n<p data-start=\"1455\" data-end=\"1697\"><strong data-start=\"1455\" data-end=\"1484\">Rechte der Nutzer:<\/strong><br data-start=\"1484\" data-end=\"1487\">Nutzer k\u00f6nnen jederzeit ihre Daten einsehen, korrigieren oder l\u00f6schen, indem sie <a class=\"decorated-link cursor-pointer\" rel=\"noopener\" data-start=\"1583\" data-end=\"1602\">info@pruebas.imcreativos.com<\/a> kontaktieren. Sie k\u00f6nnen auch ihre Einwilligung widerrufen und andere Rechte nach geltendem Recht aus\u00fcben. <\/p>\n","protected":false},"excerpt":{"rendered":"<p>Verantwortlicher:Agust\u00edn Alba P\u00e9rez \u2013 info@pruebas.imcreativos.com Gesammelte Daten: Benutzerregistrierungsdaten: Vorname, Nachname, Benutzername und E-Mail-Adresse. Daten zu Immobilienanzeigen: Kontaktdaten der Immobilie, Adresse, Telefonnummer, Karten, Bilder und eingebettete Videos (YouTube, Instagram, TikTok). Nutzerbewertungen: Benutzername, Kommentar, Datum und Bewertung. Zweck der Verarbeitung: Erm\u00f6glichen der Benutzerregistrierung zur Ver\u00f6ffentlichung von Immobilienanzeigen auf der Website. Anzeigen von Kontaktdaten und Immobilienanzeigen, damit Interessenten [&hellip;]<\/p>\n","protected":false},"author":1,"featured_media":0,"parent":0,"menu_order":0,"comment_status":"closed","ping_status":"closed","template":"","meta":{"footnotes":""},"class_list":["post-1700","page","type-page","status-publish","hentry"],"yoast_head":"<!-- This site is optimized with the Yoast SEO plugin v27.3 - https:\/\/yoast.com\/product\/yoast-seo-wordpress\/ -->\n<title>Datenschutzerkl\u00e4rung - AlojaC\u00e1diz<\/title>\n<meta name=\"robots\" content=\"index, follow, max-snippet:-1, max-image-preview:large, max-video-preview:-1\" \/>\n<link rel=\"canonical\" href=\"https:\/\/pruebas.imcreativos.com\/de\/datenschutzerklaerung\/\" \/>\n<meta property=\"og:locale\" content=\"de_DE\" \/>\n<meta property=\"og:type\" content=\"article\" \/>\n<meta property=\"og:title\" content=\"Datenschutzerkl\u00e4rung - AlojaC\u00e1diz\" \/>\n<meta property=\"og:description\" content=\"Verantwortlicher:Agust\u00edn Alba P\u00e9rez \u2013 info@pruebas.imcreativos.com Gesammelte Daten: Benutzerregistrierungsdaten: Vorname, Nachname, Benutzername\" \/>\n<meta property=\"og:url\" content=\"https:\/\/pruebas.imcreativos.com\/de\/datenschutzerklaerung\/\" \/>\n<meta property=\"og:site_name\" content=\"AlojaC\u00e1diz\" \/>\n<meta name=\"twitter:card\" content=\"summary_large_image\" \/>\n<meta name=\"twitter:label1\" content=\"Gesch\u00e4tzte Lesezeit\" \/>\n\t<meta name=\"twitter:data1\" content=\"1\u00a0Minute\" \/>\n<script type=\"application\/ld+json\" class=\"yoast-schema-graph\">{\"@context\":\"https:\\\/\\\/schema.org\",\"@graph\":[{\"@type\":\"WebPage\",\"@id\":\"https:\\\/\\\/pruebas.imcreativos.com\\\/de\\\/datenschutzerklaerung\\\/\",\"url\":\"https:\\\/\\\/pruebas.imcreativos.com\\\/de\\\/datenschutzerklaerung\\\/\",\"name\":\"Datenschutzerkl\u00e4rung - AlojaC\u00e1diz\",\"isPartOf\":{\"@id\":\"https:\\\/\\\/pruebas.imcreativos.com\\\/de\\\/#website\"},\"datePublished\":\"2025-11-26T12:11:53+00:00\",\"breadcrumb\":{\"@id\":\"https:\\\/\\\/pruebas.imcreativos.com\\\/de\\\/datenschutzerklaerung\\\/#breadcrumb\"},\"inLanguage\":\"de\",\"potentialAction\":[{\"@type\":\"ReadAction\",\"target\":[\"https:\\\/\\\/pruebas.imcreativos.com\\\/de\\\/datenschutzerklaerung\\\/\"]}]},{\"@type\":\"BreadcrumbList\",\"@id\":\"https:\\\/\\\/pruebas.imcreativos.com\\\/de\\\/datenschutzerklaerung\\\/#breadcrumb\",\"itemListElement\":[{\"@type\":\"ListItem\",\"position\":1,\"name\":\"Portada\",\"item\":\"https:\\\/\\\/pruebas.imcreativos.com\\\/de\\\/\"},{\"@type\":\"ListItem\",\"position\":2,\"name\":\"Datenschutzerkl\u00e4rung\"}]},{\"@type\":\"WebSite\",\"@id\":\"https:\\\/\\\/pruebas.imcreativos.com\\\/de\\\/#website\",\"url\":\"https:\\\/\\\/pruebas.imcreativos.com\\\/de\\\/\",\"name\":\"AlojaC\u00e1diz\",\"description\":\"Finden Sie Ihre ideale Unterkunft in Conil, El Palmar und Vejer de la Frontera. H\u00e4user, Apartments und Villen an der K\u00fcste von C\u00e1diz f\u00fcr Ihren perfekten Urlaub.\",\"publisher\":{\"@id\":\"https:\\\/\\\/pruebas.imcreativos.com\\\/de\\\/#\\\/schema\\\/person\\\/58dc68f178a3bacad0190ff39edef3e4\"},\"potentialAction\":[{\"@type\":\"SearchAction\",\"target\":{\"@type\":\"EntryPoint\",\"urlTemplate\":\"https:\\\/\\\/pruebas.imcreativos.com\\\/de\\\/?s={search_term_string}\"},\"query-input\":{\"@type\":\"PropertyValueSpecification\",\"valueRequired\":true,\"valueName\":\"search_term_string\"}}],\"inLanguage\":\"de\"},{\"@type\":[\"Person\",\"Organization\"],\"@id\":\"https:\\\/\\\/pruebas.imcreativos.com\\\/de\\\/#\\\/schema\\\/person\\\/58dc68f178a3bacad0190ff39edef3e4\",\"name\":\"Agust\u00edn Alba P\u00e9rez\",\"image\":{\"@type\":\"ImageObject\",\"inLanguage\":\"de\",\"@id\":\"https:\\\/\\\/pruebas.imcreativos.com\\\/wp-content\\\/uploads\\\/2025\\\/11\\\/cropped-Logo-aloja-cadiz.png\",\"url\":\"https:\\\/\\\/pruebas.imcreativos.com\\\/wp-content\\\/uploads\\\/2025\\\/11\\\/cropped-Logo-aloja-cadiz.png\",\"contentUrl\":\"https:\\\/\\\/pruebas.imcreativos.com\\\/wp-content\\\/uploads\\\/2025\\\/11\\\/cropped-Logo-aloja-cadiz.png\",\"width\":512,\"height\":512,\"caption\":\"Agust\u00edn Alba P\u00e9rez\"},\"logo\":{\"@id\":\"https:\\\/\\\/pruebas.imcreativos.com\\\/wp-content\\\/uploads\\\/2025\\\/11\\\/cropped-Logo-aloja-cadiz.png\"}}]}<\/script>\n<!-- \/ Yoast SEO plugin. -->","yoast_head_json":{"title":"Datenschutzerkl\u00e4rung - AlojaC\u00e1diz","robots":{"index":"index","follow":"follow","max-snippet":"max-snippet:-1","max-image-preview":"max-image-preview:large","max-video-preview":"max-video-preview:-1"},"canonical":"https:\/\/pruebas.imcreativos.com\/de\/datenschutzerklaerung\/","og_locale":"de_DE","og_type":"article","og_title":"Datenschutzerkl\u00e4rung - AlojaC\u00e1diz","og_description":"Verantwortlicher:Agust\u00edn Alba P\u00e9rez \u2013 info@pruebas.imcreativos.com Gesammelte Daten: Benutzerregistrierungsdaten: Vorname, Nachname, Benutzername","og_url":"https:\/\/pruebas.imcreativos.com\/de\/datenschutzerklaerung\/","og_site_name":"AlojaC\u00e1diz","twitter_card":"summary_large_image","twitter_misc":{"Gesch\u00e4tzte Lesezeit":"1\u00a0Minute"},"schema":{"@context":"https:\/\/schema.org","@graph":[{"@type":"WebPage","@id":"https:\/\/pruebas.imcreativos.com\/de\/datenschutzerklaerung\/","url":"https:\/\/pruebas.imcreativos.com\/de\/datenschutzerklaerung\/","name":"Datenschutzerkl\u00e4rung - AlojaC\u00e1diz","isPartOf":{"@id":"https:\/\/pruebas.imcreativos.com\/de\/#website"},"datePublished":"2025-11-26T12:11:53+00:00","breadcrumb":{"@id":"https:\/\/pruebas.imcreativos.com\/de\/datenschutzerklaerung\/#breadcrumb"},"inLanguage":"de","potentialAction":[{"@type":"ReadAction","target":["https:\/\/pruebas.imcreativos.com\/de\/datenschutzerklaerung\/"]}]},{"@type":"BreadcrumbList","@id":"https:\/\/pruebas.imcreativos.com\/de\/datenschutzerklaerung\/#breadcrumb","itemListElement":[{"@type":"ListItem","position":1,"name":"Portada","item":"https:\/\/pruebas.imcreativos.com\/de\/"},{"@type":"ListItem","position":2,"name":"Datenschutzerkl\u00e4rung"}]},{"@type":"WebSite","@id":"https:\/\/pruebas.imcreativos.com\/de\/#website","url":"https:\/\/pruebas.imcreativos.com\/de\/","name":"AlojaC\u00e1diz","description":"Finden Sie Ihre ideale Unterkunft in Conil, El Palmar und Vejer de la Frontera. H\u00e4user, Apartments und Villen an der K\u00fcste von C\u00e1diz f\u00fcr Ihren perfekten Urlaub.","publisher":{"@id":"https:\/\/pruebas.imcreativos.com\/de\/#\/schema\/person\/58dc68f178a3bacad0190ff39edef3e4"},"potentialAction":[{"@type":"SearchAction","target":{"@type":"EntryPoint","urlTemplate":"https:\/\/pruebas.imcreativos.com\/de\/?s={search_term_string}"},"query-input":{"@type":"PropertyValueSpecification","valueRequired":true,"valueName":"search_term_string"}}],"inLanguage":"de"},{"@type":["Person","Organization"],"@id":"https:\/\/pruebas.imcreativos.com\/de\/#\/schema\/person\/58dc68f178a3bacad0190ff39edef3e4","name":"Agust\u00edn Alba P\u00e9rez","image":{"@type":"ImageObject","inLanguage":"de","@id":"https:\/\/pruebas.imcreativos.com\/wp-content\/uploads\/2025\/11\/cropped-Logo-aloja-cadiz.png","url":"https:\/\/pruebas.imcreativos.com\/wp-content\/uploads\/2025\/11\/cropped-Logo-aloja-cadiz.png","contentUrl":"https:\/\/pruebas.imcreativos.com\/wp-content\/uploads\/2025\/11\/cropped-Logo-aloja-cadiz.png","width":512,"height":512,"caption":"Agust\u00edn Alba P\u00e9rez"},"logo":{"@id":"https:\/\/pruebas.imcreativos.com\/wp-content\/uploads\/2025\/11\/cropped-Logo-aloja-cadiz.png"}}]}},"_links":{"self":[{"href":"https:\/\/pruebas.imcreativos.com\/de\/wp-json\/wp\/v2\/pages\/1700","targetHints":{"allow":["GET"]}}],"collection":[{"href":"https:\/\/pruebas.imcreativos.com\/de\/wp-json\/wp\/v2\/pages"}],"about":[{"href":"https:\/\/pruebas.imcreativos.com\/de\/wp-json\/wp\/v2\/types\/page"}],"author":[{"embeddable":true,"href":"https:\/\/pruebas.imcreativos.com\/de\/wp-json\/wp\/v2\/users\/1"}],"replies":[{"embeddable":true,"href":"https:\/\/pruebas.imcreativos.com\/de\/wp-json\/wp\/v2\/comments?post=1700"}],"version-history":[{"count":0,"href":"https:\/\/pruebas.imcreativos.com\/de\/wp-json\/wp\/v2\/pages\/1700\/revisions"}],"wp:attachment":[{"href":"https:\/\/pruebas.imcreativos.com\/de\/wp-json\/wp\/v2\/media?parent=1700"}],"curies":[{"name":"wp","href":"https:\/\/api.w.org\/{rel}","templated":true}]}}