{"id":1707,"date":"2025-04-29T07:17:34","date_gmt":"2025-04-29T06:17:34","guid":{"rendered":"https:\/\/pruebas.imcreativos.com\/allgemeine-geschaeftsbedingungen-agb\/"},"modified":"2025-04-29T07:17:34","modified_gmt":"2025-04-29T06:17:34","slug":"allgemeine-geschaeftsbedingungen-agb","status":"publish","type":"page","link":"https:\/\/pruebas.imcreativos.com\/de\/allgemeine-geschaeftsbedingungen-agb\/","title":{"rendered":"Allgemeine Gesch\u00e4ftsbedingungen (AGB)"},"content":{"rendered":"<p>\ud83d\udccc Webseitenbetreiber: Agust\u00edn Alba P\u00e9rez<br data-start=\"601\" data-end=\"604\">\ud83d\udccc Kontakt-E-Mail: <a class=\"decorated-link cursor-pointer\" href=\"mailto:info@pruebas.imcreativos.com\" rel=\"noopener\" data-start=\"2380\" data-end=\"2399\">info@pruebas.imcreativos.com<\/a><br data-start=\"659\" data-end=\"662\">\ud83d\udccc <strong data-start=\"562\" data-end=\"582\">Letzte Aktualisierung: <\/strong>02\/12\/2025<\/p>\n<p>&nbsp;<\/p>\n<h3 data-start=\"692\" data-end=\"719\">1. Zweck der Webseite<br \/><\/h3>\n<p data-start=\"720\" data-end=\"977\">Diese Webseite erm\u00f6glicht Eigent\u00fcmern und Anbietern, Anzeigen f\u00fcr touristische Unterk\u00fcnfte und lokale Gesch\u00e4fte an der K\u00fcste von C\u00e1diz zu ver\u00f6ffentlichen.<br \/>Die Webseite fungiert nicht als Vermittler f\u00fcr Reservierungen oder Zahlungen, sondern dient ausschlie\u00dflich der Ver\u00f6ffentlichung der eingestellten Anzeigen. <\/p>\n<hr data-start=\"979\" data-end=\"982\">\n<h3 data-start=\"984\" data-end=\"1020\">2. Annahme der Bedingungen<\/h3>\n<p data-start=\"1021\" data-end=\"1164\">Der Zugriff auf und die Nutzung der Webseite bedeuten die vollst\u00e4ndige Akzeptanz dieser Allgemeinen Gesch\u00e4ftsbedingungen sowie der Datenschutzrichtlinie und des Impressums:<\/p>\n<ul data-start=\"1166\" data-end=\"1254\">\n<li data-start=\"1166\" data-end=\"1200\">\n<p data-start=\"1168\" data-end=\"1200\"><a href=\"https:\/\/pruebas.imcreativos.com\/de\/impressum\/\"><strong data-start=\"1168\" data-end=\"1183\">Impressum<\/strong><\/a><\/p>\n<\/li>\n<li data-start=\"1201\" data-end=\"1254\">\n<p data-start=\"1203\" data-end=\"1254\"><a href=\"https:\/\/pruebas.imcreativos.com\/de\/datenschutzerklaerung\/\"><strong data-start=\"1203\" data-end=\"1229\">Datenschutzerkl\u00e4rung<\/strong><\/a><\/p>\n<\/li>\n<\/ul>\n<hr data-start=\"1256\" data-end=\"1259\">\n<h3 data-start=\"1261\" data-end=\"1288\">3. Benutzerregistrierung<\/h3>\n<p data-start=\"1289\" data-end=\"1420\">Zur Ver\u00f6ffentlichung von Anzeigen ist eine Registrierung erforderlich, wobei wahrheitsgem\u00e4\u00dfe Daten anzugeben sind:<br data-start=\"1363\" data-end=\"1366\">\u2022 Vor- und Nachname<br data-start=\"1386\" data-end=\"1389\">\u2022 Benutzername<br data-start=\"1408\" data-end=\"1411\">\u2022 E-Mail<\/p>\n<p data-start=\"1422\" data-end=\"1497\">Der Benutzer ist f\u00fcr seine Zugangsdaten sowie f\u00fcr die Inhalte, die er ver\u00f6ffentlicht, verantwortlich.<\/p>\n<hr data-start=\"1499\" data-end=\"1502\">\n<h3 data-start=\"1504\" data-end=\"1534\">4. Ver\u00f6ffentlichung von Anzeigen<\/h3>\n<p data-start=\"1535\" data-end=\"1681\">Benutzer k\u00f6nnen folgende Inhalte einf\u00fcgen:<br data-start=\"1563\" data-end=\"1566\">\u2022 Text<br data-start=\"1573\" data-end=\"1576\">\u2022 Bilder<br data-start=\"1586\" data-end=\"1589\">\u2022 Eingebettete Videos (z. B. YouTube)<br data-start=\"1632\" data-end=\"1635\">\u2022 Integrierte Beitr\u00e4ge aus sozialen Netzwerken<\/p>\n<p data-start=\"1683\" data-end=\"1839\">Der Benutzer sichert zu, dass er die Rechte an allen bereitgestellten Inhalten besitzt oder eine entsprechende Genehmigung daf\u00fcr hat.<br \/>Die Webseite \u00fcbernimmt keine Verantwortung f\u00fcr die Richtigkeit oder die Inhalte der ver\u00f6ffentlichten Informationen. <\/p>\n<hr data-start=\"1841\" data-end=\"1844\">\n<h3 data-start=\"1846\" data-end=\"1866\">5. Verbotene Inhalte<\/h3>\n<p data-start=\"1867\" data-end=\"2032\">Es ist ausdr\u00fccklich untersagt, Inhalte zu ver\u00f6ffentlichen, die:<br data-start=\"1915\" data-end=\"1918\">\u2022 illegal, irref\u00fchrend, beleidigend oder verleumderisch sind<br data-start=\"1960\" data-end=\"1963\">\u2022 sexuell explizit oder gewaltt\u00e4tig sind<br data-start=\"1992\" data-end=\"1995\">\u2022 Rechte Dritter verletzen<\/p>\n<p data-start=\"2034\" data-end=\"2122\">Die Webseite kann Anzeigen oder Konten ohne vorherige Ank\u00fcndigung bei Verst\u00f6\u00dfen l\u00f6schen oder sperren.<\/p>\n<hr data-start=\"2124\" data-end=\"2127\">\n<h3 data-start=\"2129\" data-end=\"2155\">6. Rezensionen und Bewertungen<\/h3>\n<p data-start=\"2156\" data-end=\"2346\">Benutzer k\u00f6nnen echte Bewertungen abgeben. Gel\u00f6scht werden Bewertungen, die:<br data-start=\"2229\" data-end=\"2232\">\u2022 beleidigend oder verleumderisch sind<br data-start=\"2263\" data-end=\"2266\">\u2022 falsch oder manipuliert sind<br data-start=\"2293\" data-end=\"2296\">\u2022 keinen Bezug zum bewerteten Service haben <\/p>\n<p data-start=\"2348\" data-end=\"2391\">Der Benutzer tr\u00e4gt die volle Verantwortung f\u00fcr seine Bewertungen.<\/p>\n<hr data-start=\"2393\" data-end=\"2396\">\n<h3 data-start=\"2398\" data-end=\"2433\">7. Zahlungen und Werbepl\u00e4ne<\/h3>\n<p data-start=\"2434\" data-end=\"2604\">Die Ver\u00f6ffentlichung kann eine j\u00e4hrliche Geb\u00fchr beinhalten, ohne Provisionen f\u00fcr Reservierungen.<br data-start=\"2519\" data-end=\"2522\">Zahlungen sind nicht erstattungsf\u00e4hig, au\u00dfer bei Fehlern seitens des Webseitenbetreibers.<\/p>\n<hr data-start=\"2606\" data-end=\"2609\">\n<h3 data-start=\"2611\" data-end=\"2633\">8. Haftung<\/h3>\n<p data-start=\"2634\" data-end=\"2833\">Die Webseite beteiligt sich nicht und \u00fcbernimmt keine Verantwortung f\u00fcr:<br data-start=\"2680\" data-end=\"2683\">\u2022 Reservierungen oder Zahlungen zwischen Benutzern und Eigent\u00fcmern<br data-start=\"2731\" data-end=\"2734\">\u2022 Verf\u00fcgbarkeit oder Qualit\u00e4t von Immobilien oder Dienstleistungen<br data-start=\"2789\" data-end=\"2792\">\u2022 Genauigkeit der ver\u00f6ffentlichten Informationen<\/p>\n<p data-start=\"2835\" data-end=\"2899\">Die Nutzung erfolgt ausschlie\u00dflich auf eigene Verantwortung des Benutzers.<\/p>\n<hr data-start=\"2901\" data-end=\"2904\">\n<h3 data-start=\"2906\" data-end=\"2934\">9. Geistiges Eigentum<\/h3>\n<p data-start=\"2935\" data-end=\"3142\">Der Webseitenbetreiber besitzt die Rechte am Design und der Struktur der Webseite.<br data-start=\"3003\" data-end=\"3006\">Benutzer behalten die Rechte an ihren Inhalten, gew\u00e4hren jedoch eine kostenlose, nicht-exklusive Lizenz f\u00fcr deren Ver\u00f6ffentlichung auf der Webseite.<\/p>\n<hr data-start=\"3144\" data-end=\"3147\">\n<h3 data-start=\"3149\" data-end=\"3180\">10. Aussetzung des Dienstes<\/h3>\n<p data-start=\"3181\" data-end=\"3277\">Der Zugang kann eingeschr\u00e4nkt oder Benutzerkonten gesperrt werden, wenn gegen diese Bedingungen versto\u00dfen wird oder wenn dem Webdienst Schaden entsteht.<\/p>\n<hr data-start=\"3279\" data-end=\"3282\">\n<h3 data-start=\"3284\" data-end=\"3306\">11. \u00c4nderungen<\/h3>\n<p data-start=\"3307\" data-end=\"3425\">Die Webseite kann diese Bedingungen jederzeit \u00e4ndern.<br data-start=\"3364\" data-end=\"3367\">Die fortgesetzte Nutzung gilt als Zustimmung zu den ge\u00e4nderten Bedingungen.<\/p>\n<hr data-start=\"3427\" data-end=\"3430\">\n<h3 data-start=\"3432\" data-end=\"3452\">12. Gerichtsstand<\/h3>\n<p data-start=\"3453\" data-end=\"3596\">Dieses Dokument unterliegt dem spanischen Recht.<br data-start=\"3504\" data-end=\"3507\">Im Falle von Streitigkeiten ist das Gericht von C\u00e1diz zust\u00e4ndig, sofern keine zwingenden gesetzlichen Bestimmungen dem entgegenstehen.<\/p>\n","protected":false},"excerpt":{"rendered":"<p>\ud83d\udccc Webseitenbetreiber: Agust\u00edn Alba P\u00e9rez\ud83d\udccc Kontakt-E-Mail: info@pruebas.imcreativos.com\ud83d\udccc Letzte Aktualisierung: 02\/12\/2025 &nbsp; 1. Zweck der Webseite Diese Webseite erm\u00f6glicht Eigent\u00fcmern und Anbietern, Anzeigen f\u00fcr touristische Unterk\u00fcnfte und lokale Gesch\u00e4fte an der K\u00fcste von C\u00e1diz zu ver\u00f6ffentlichen.Die Webseite fungiert nicht als Vermittler f\u00fcr Reservierungen oder Zahlungen, sondern dient ausschlie\u00dflich der Ver\u00f6ffentlichung der eingestellten Anzeigen. 2. Annahme der [&hellip;]<\/p>\n","protected":false},"author":1,"featured_media":0,"parent":0,"menu_order":0,"comment_status":"closed","ping_status":"closed","template":"","meta":{"footnotes":""},"class_list":["post-1707","page","type-page","status-publish","hentry"],"yoast_head":"<!-- This site is optimized with the Yoast SEO plugin v27.3 - https:\/\/yoast.com\/product\/yoast-seo-wordpress\/ -->\n<title>Allgemeine Gesch\u00e4ftsbedingungen (AGB) - AlojaC\u00e1diz<\/title>\n<meta name=\"robots\" content=\"index, follow, max-snippet:-1, max-image-preview:large, max-video-preview:-1\" \/>\n<link rel=\"canonical\" href=\"https:\/\/pruebas.imcreativos.com\/de\/allgemeine-geschaeftsbedingungen-agb\/\" \/>\n<meta property=\"og:locale\" content=\"de_DE\" \/>\n<meta property=\"og:type\" content=\"article\" \/>\n<meta property=\"og:title\" content=\"Allgemeine Gesch\u00e4ftsbedingungen (AGB) - AlojaC\u00e1diz\" \/>\n<meta property=\"og:description\" content=\"\ud83d\udccc Webseitenbetreiber: Agust\u00edn Alba P\u00e9rez\ud83d\udccc Kontakt-E-Mail: info@pruebas.imcreativos.com\ud83d\udccc Letzte Aktualisierung: 02\/12\/2025 &nbsp; 1. Zweck d\" \/>\n<meta property=\"og:url\" content=\"https:\/\/pruebas.imcreativos.com\/de\/allgemeine-geschaeftsbedingungen-agb\/\" \/>\n<meta property=\"og:site_name\" content=\"AlojaC\u00e1diz\" \/>\n<meta name=\"twitter:card\" content=\"summary_large_image\" \/>\n<meta name=\"twitter:label1\" content=\"Gesch\u00e4tzte Lesezeit\" \/>\n\t<meta name=\"twitter:data1\" content=\"2\u00a0Minuten\" \/>\n<script type=\"application\/ld+json\" class=\"yoast-schema-graph\">{\"@context\":\"https:\\\/\\\/schema.org\",\"@graph\":[{\"@type\":\"WebPage\",\"@id\":\"https:\\\/\\\/pruebas.imcreativos.com\\\/de\\\/allgemeine-geschaeftsbedingungen-agb\\\/\",\"url\":\"https:\\\/\\\/pruebas.imcreativos.com\\\/de\\\/allgemeine-geschaeftsbedingungen-agb\\\/\",\"name\":\"Allgemeine Gesch\u00e4ftsbedingungen (AGB) - AlojaC\u00e1diz\",\"isPartOf\":{\"@id\":\"https:\\\/\\\/pruebas.imcreativos.com\\\/de\\\/#website\"},\"datePublished\":\"2025-04-29T06:17:34+00:00\",\"breadcrumb\":{\"@id\":\"https:\\\/\\\/pruebas.imcreativos.com\\\/de\\\/allgemeine-geschaeftsbedingungen-agb\\\/#breadcrumb\"},\"inLanguage\":\"de\",\"potentialAction\":[{\"@type\":\"ReadAction\",\"target\":[\"https:\\\/\\\/pruebas.imcreativos.com\\\/de\\\/allgemeine-geschaeftsbedingungen-agb\\\/\"]}]},{\"@type\":\"BreadcrumbList\",\"@id\":\"https:\\\/\\\/pruebas.imcreativos.com\\\/de\\\/allgemeine-geschaeftsbedingungen-agb\\\/#breadcrumb\",\"itemListElement\":[{\"@type\":\"ListItem\",\"position\":1,\"name\":\"Portada\",\"item\":\"https:\\\/\\\/pruebas.imcreativos.com\\\/de\\\/\"},{\"@type\":\"ListItem\",\"position\":2,\"name\":\"Allgemeine Gesch\u00e4ftsbedingungen (AGB)\"}]},{\"@type\":\"WebSite\",\"@id\":\"https:\\\/\\\/pruebas.imcreativos.com\\\/de\\\/#website\",\"url\":\"https:\\\/\\\/pruebas.imcreativos.com\\\/de\\\/\",\"name\":\"AlojaC\u00e1diz\",\"description\":\"Finden Sie Ihre ideale Unterkunft in Conil, El Palmar und Vejer de la Frontera. H\u00e4user, Apartments und Villen an der K\u00fcste von C\u00e1diz f\u00fcr Ihren perfekten Urlaub.\",\"publisher\":{\"@id\":\"https:\\\/\\\/pruebas.imcreativos.com\\\/de\\\/#\\\/schema\\\/person\\\/58dc68f178a3bacad0190ff39edef3e4\"},\"potentialAction\":[{\"@type\":\"SearchAction\",\"target\":{\"@type\":\"EntryPoint\",\"urlTemplate\":\"https:\\\/\\\/pruebas.imcreativos.com\\\/de\\\/?s={search_term_string}\"},\"query-input\":{\"@type\":\"PropertyValueSpecification\",\"valueRequired\":true,\"valueName\":\"search_term_string\"}}],\"inLanguage\":\"de\"},{\"@type\":[\"Person\",\"Organization\"],\"@id\":\"https:\\\/\\\/pruebas.imcreativos.com\\\/de\\\/#\\\/schema\\\/person\\\/58dc68f178a3bacad0190ff39edef3e4\",\"name\":\"Agust\u00edn Alba P\u00e9rez\",\"image\":{\"@type\":\"ImageObject\",\"inLanguage\":\"de\",\"@id\":\"https:\\\/\\\/pruebas.imcreativos.com\\\/wp-content\\\/uploads\\\/2025\\\/11\\\/cropped-Logo-aloja-cadiz.png\",\"url\":\"https:\\\/\\\/pruebas.imcreativos.com\\\/wp-content\\\/uploads\\\/2025\\\/11\\\/cropped-Logo-aloja-cadiz.png\",\"contentUrl\":\"https:\\\/\\\/pruebas.imcreativos.com\\\/wp-content\\\/uploads\\\/2025\\\/11\\\/cropped-Logo-aloja-cadiz.png\",\"width\":512,\"height\":512,\"caption\":\"Agust\u00edn Alba P\u00e9rez\"},\"logo\":{\"@id\":\"https:\\\/\\\/pruebas.imcreativos.com\\\/wp-content\\\/uploads\\\/2025\\\/11\\\/cropped-Logo-aloja-cadiz.png\"}}]}<\/script>\n<!-- \/ Yoast SEO plugin. -->","yoast_head_json":{"title":"Allgemeine Gesch\u00e4ftsbedingungen (AGB) - AlojaC\u00e1diz","robots":{"index":"index","follow":"follow","max-snippet":"max-snippet:-1","max-image-preview":"max-image-preview:large","max-video-preview":"max-video-preview:-1"},"canonical":"https:\/\/pruebas.imcreativos.com\/de\/allgemeine-geschaeftsbedingungen-agb\/","og_locale":"de_DE","og_type":"article","og_title":"Allgemeine Gesch\u00e4ftsbedingungen (AGB) - AlojaC\u00e1diz","og_description":"\ud83d\udccc Webseitenbetreiber: Agust\u00edn Alba P\u00e9rez\ud83d\udccc Kontakt-E-Mail: info@pruebas.imcreativos.com\ud83d\udccc Letzte Aktualisierung: 02\/12\/2025 &nbsp; 1. Zweck d","og_url":"https:\/\/pruebas.imcreativos.com\/de\/allgemeine-geschaeftsbedingungen-agb\/","og_site_name":"AlojaC\u00e1diz","twitter_card":"summary_large_image","twitter_misc":{"Gesch\u00e4tzte Lesezeit":"2\u00a0Minuten"},"schema":{"@context":"https:\/\/schema.org","@graph":[{"@type":"WebPage","@id":"https:\/\/pruebas.imcreativos.com\/de\/allgemeine-geschaeftsbedingungen-agb\/","url":"https:\/\/pruebas.imcreativos.com\/de\/allgemeine-geschaeftsbedingungen-agb\/","name":"Allgemeine Gesch\u00e4ftsbedingungen (AGB) - AlojaC\u00e1diz","isPartOf":{"@id":"https:\/\/pruebas.imcreativos.com\/de\/#website"},"datePublished":"2025-04-29T06:17:34+00:00","breadcrumb":{"@id":"https:\/\/pruebas.imcreativos.com\/de\/allgemeine-geschaeftsbedingungen-agb\/#breadcrumb"},"inLanguage":"de","potentialAction":[{"@type":"ReadAction","target":["https:\/\/pruebas.imcreativos.com\/de\/allgemeine-geschaeftsbedingungen-agb\/"]}]},{"@type":"BreadcrumbList","@id":"https:\/\/pruebas.imcreativos.com\/de\/allgemeine-geschaeftsbedingungen-agb\/#breadcrumb","itemListElement":[{"@type":"ListItem","position":1,"name":"Portada","item":"https:\/\/pruebas.imcreativos.com\/de\/"},{"@type":"ListItem","position":2,"name":"Allgemeine Gesch\u00e4ftsbedingungen (AGB)"}]},{"@type":"WebSite","@id":"https:\/\/pruebas.imcreativos.com\/de\/#website","url":"https:\/\/pruebas.imcreativos.com\/de\/","name":"AlojaC\u00e1diz","description":"Finden Sie Ihre ideale Unterkunft in Conil, El Palmar und Vejer de la Frontera. H\u00e4user, Apartments und Villen an der K\u00fcste von C\u00e1diz f\u00fcr Ihren perfekten Urlaub.","publisher":{"@id":"https:\/\/pruebas.imcreativos.com\/de\/#\/schema\/person\/58dc68f178a3bacad0190ff39edef3e4"},"potentialAction":[{"@type":"SearchAction","target":{"@type":"EntryPoint","urlTemplate":"https:\/\/pruebas.imcreativos.com\/de\/?s={search_term_string}"},"query-input":{"@type":"PropertyValueSpecification","valueRequired":true,"valueName":"search_term_string"}}],"inLanguage":"de"},{"@type":["Person","Organization"],"@id":"https:\/\/pruebas.imcreativos.com\/de\/#\/schema\/person\/58dc68f178a3bacad0190ff39edef3e4","name":"Agust\u00edn Alba P\u00e9rez","image":{"@type":"ImageObject","inLanguage":"de","@id":"https:\/\/pruebas.imcreativos.com\/wp-content\/uploads\/2025\/11\/cropped-Logo-aloja-cadiz.png","url":"https:\/\/pruebas.imcreativos.com\/wp-content\/uploads\/2025\/11\/cropped-Logo-aloja-cadiz.png","contentUrl":"https:\/\/pruebas.imcreativos.com\/wp-content\/uploads\/2025\/11\/cropped-Logo-aloja-cadiz.png","width":512,"height":512,"caption":"Agust\u00edn Alba P\u00e9rez"},"logo":{"@id":"https:\/\/pruebas.imcreativos.com\/wp-content\/uploads\/2025\/11\/cropped-Logo-aloja-cadiz.png"}}]}},"_links":{"self":[{"href":"https:\/\/pruebas.imcreativos.com\/de\/wp-json\/wp\/v2\/pages\/1707","targetHints":{"allow":["GET"]}}],"collection":[{"href":"https:\/\/pruebas.imcreativos.com\/de\/wp-json\/wp\/v2\/pages"}],"about":[{"href":"https:\/\/pruebas.imcreativos.com\/de\/wp-json\/wp\/v2\/types\/page"}],"author":[{"embeddable":true,"href":"https:\/\/pruebas.imcreativos.com\/de\/wp-json\/wp\/v2\/users\/1"}],"replies":[{"embeddable":true,"href":"https:\/\/pruebas.imcreativos.com\/de\/wp-json\/wp\/v2\/comments?post=1707"}],"version-history":[{"count":0,"href":"https:\/\/pruebas.imcreativos.com\/de\/wp-json\/wp\/v2\/pages\/1707\/revisions"}],"wp:attachment":[{"href":"https:\/\/pruebas.imcreativos.com\/de\/wp-json\/wp\/v2\/media?parent=1707"}],"curies":[{"name":"wp","href":"https:\/\/api.w.org\/{rel}","templated":true}]}}