{"id":1698,"date":"2025-11-26T13:11:53","date_gmt":"2025-11-26T12:11:53","guid":{"rendered":"https:\/\/pruebas.imcreativos.com\/privacy-policy\/"},"modified":"2025-11-26T13:11:53","modified_gmt":"2025-11-26T12:11:53","slug":"privacy-policy","status":"publish","type":"page","link":"https:\/\/pruebas.imcreativos.com\/en\/privacy-policy\/","title":{"rendered":"Privacy Policy"},"content":{"rendered":"<p data-start=\"193\" data-end=\"268\"><strong data-start=\"193\" data-end=\"225\">Data Controller:<\/strong><br data-start=\"225\" data-end=\"228\">Agust\u00edn Alba P\u00e9rez \u2013 <a class=\"decorated-link cursor-pointer\" rel=\"noopener\" data-start=\"249\" data-end=\"268\">info@pruebas.imcreativos.com<\/a><\/p>\n<p data-start=\"270\" data-end=\"294\"><strong data-start=\"270\" data-end=\"292\">Data Collected:<\/strong><\/p>\n<ul data-start=\"295\" data-end=\"632\">\n<li data-start=\"295\" data-end=\"387\">\n<p data-start=\"297\" data-end=\"387\">User registration data: first name, last name, username, and email address.<\/p>\n<\/li>\n<li data-start=\"388\" data-end=\"553\">\n<p data-start=\"390\" data-end=\"553\">Property listing data: contact information of the property, address, phone number, maps, images, and embedded videos (YouTube, Instagram, TikTok).<\/p>\n<\/li>\n<li data-start=\"554\" data-end=\"632\">\n<p data-start=\"556\" data-end=\"632\">User reviews: username, comment, date, and rating.<\/p>\n<\/li>\n<\/ul>\n<p data-start=\"634\" data-end=\"666\"><strong data-start=\"634\" data-end=\"664\">Purpose of Processing:<\/strong><\/p>\n<ul data-start=\"667\" data-end=\"976\">\n<li data-start=\"667\" data-end=\"737\">\n<p data-start=\"669\" data-end=\"737\">Allow user registration to publish property listings on the website.<\/p>\n<\/li>\n<li data-start=\"738\" data-end=\"883\">\n<p data-start=\"740\" data-end=\"883\">Display contact information and property listings so that interested parties can directly contact the owner.<\/p>\n<\/li>\n<li data-start=\"884\" data-end=\"976\">\n<p data-start=\"886\" data-end=\"976\">Display reviews to help other users make informed decisions.<\/p>\n<\/li>\n<\/ul>\n<p data-start=\"978\" data-end=\"1160\"><strong data-start=\"978\" data-end=\"998\">Data Sharing:<\/strong><br data-start=\"998\" data-end=\"1001\">User data is not shared with third parties, except when necessary to comply with the law or to display embedded social media content and videos.<\/p>\n<p data-start=\"1162\" data-end=\"1309\"><strong data-start=\"1162\" data-end=\"1194\">Data Retention:<\/strong><br data-start=\"1194\" data-end=\"1197\">Data is retained as long as an account is active or the property remains published on the website.<\/p>\n<p data-start=\"1311\" data-end=\"1453\"><strong data-start=\"1311\" data-end=\"1325\">Security:<\/strong><br data-start=\"1325\" data-end=\"1328\">Technical and organizational measures are applied to protect data from unauthorized access or loss.<\/p>\n<p data-start=\"1455\" data-end=\"1697\"><strong data-start=\"1455\" data-end=\"1484\">User Rights:<\/strong><br data-start=\"1484\" data-end=\"1487\">Users can access, correct, or delete their data at any time by contacting <a class=\"decorated-link cursor-pointer\" rel=\"noopener\" data-start=\"1583\" data-end=\"1602\">info@pruebas.imcreativos.com.<\/a> They may also withdraw consent and exercise other rights according to applicable law. <\/p>\n","protected":false},"excerpt":{"rendered":"<p>Data Controller:Agust\u00edn Alba P\u00e9rez \u2013 info@pruebas.imcreativos.com Data Collected: User registration data: first name, last name, username, and email address. Property listing data: contact information of the property, address, phone number, maps, images, and embedded videos (YouTube, Instagram, TikTok). User reviews: username, comment, date, and rating. Purpose of Processing: Allow user registration to publish property listings [&hellip;]<\/p>\n","protected":false},"author":1,"featured_media":0,"parent":0,"menu_order":0,"comment_status":"closed","ping_status":"closed","template":"","meta":{"footnotes":""},"class_list":["post-1698","page","type-page","status-publish","hentry"],"yoast_head":"<!-- This site is optimized with the Yoast SEO plugin v27.3 - https:\/\/yoast.com\/product\/yoast-seo-wordpress\/ -->\n<title>Privacy Policy - AlojaC\u00e1diz<\/title>\n<meta name=\"robots\" content=\"index, follow, max-snippet:-1, max-image-preview:large, max-video-preview:-1\" \/>\n<link rel=\"canonical\" href=\"https:\/\/pruebas.imcreativos.com\/en\/privacy-policy\/\" \/>\n<meta property=\"og:locale\" content=\"en_US\" \/>\n<meta property=\"og:type\" content=\"article\" \/>\n<meta property=\"og:title\" content=\"Privacy Policy - AlojaC\u00e1diz\" \/>\n<meta property=\"og:description\" content=\"Data Controller:Agust\u00edn Alba P\u00e9rez \u2013 info@pruebas.imcreativos.com Data Collected: User registration data: first name, last name, username, and ema\" \/>\n<meta property=\"og:url\" content=\"https:\/\/pruebas.imcreativos.com\/en\/privacy-policy\/\" \/>\n<meta property=\"og:site_name\" content=\"AlojaC\u00e1diz\" \/>\n<meta name=\"twitter:card\" content=\"summary_large_image\" \/>\n<meta name=\"twitter:label1\" content=\"Est. reading time\" \/>\n\t<meta name=\"twitter:data1\" content=\"1 minute\" \/>\n<script type=\"application\/ld+json\" class=\"yoast-schema-graph\">{\"@context\":\"https:\\\/\\\/schema.org\",\"@graph\":[{\"@type\":\"WebPage\",\"@id\":\"https:\\\/\\\/pruebas.imcreativos.com\\\/en\\\/privacy-policy\\\/\",\"url\":\"https:\\\/\\\/pruebas.imcreativos.com\\\/en\\\/privacy-policy\\\/\",\"name\":\"Privacy Policy - AlojaC\u00e1diz\",\"isPartOf\":{\"@id\":\"https:\\\/\\\/pruebas.imcreativos.com\\\/en\\\/#website\"},\"datePublished\":\"2025-11-26T12:11:53+00:00\",\"breadcrumb\":{\"@id\":\"https:\\\/\\\/pruebas.imcreativos.com\\\/en\\\/privacy-policy\\\/#breadcrumb\"},\"inLanguage\":\"en-US\",\"potentialAction\":[{\"@type\":\"ReadAction\",\"target\":[\"https:\\\/\\\/pruebas.imcreativos.com\\\/en\\\/privacy-policy\\\/\"]}]},{\"@type\":\"BreadcrumbList\",\"@id\":\"https:\\\/\\\/pruebas.imcreativos.com\\\/en\\\/privacy-policy\\\/#breadcrumb\",\"itemListElement\":[{\"@type\":\"ListItem\",\"position\":1,\"name\":\"Portada\",\"item\":\"https:\\\/\\\/pruebas.imcreativos.com\\\/en\\\/\"},{\"@type\":\"ListItem\",\"position\":2,\"name\":\"Privacy Policy\"}]},{\"@type\":\"WebSite\",\"@id\":\"https:\\\/\\\/pruebas.imcreativos.com\\\/en\\\/#website\",\"url\":\"https:\\\/\\\/pruebas.imcreativos.com\\\/en\\\/\",\"name\":\"AlojaC\u00e1diz\",\"description\":\"Find your ideal accommodation in Conil, El Palmar, and Vejer de la Frontera. Houses, apartments, and villas along the C\u00e1diz coast for your perfect vacation.\",\"publisher\":{\"@id\":\"https:\\\/\\\/pruebas.imcreativos.com\\\/en\\\/#\\\/schema\\\/person\\\/58dc68f178a3bacad0190ff39edef3e4\"},\"potentialAction\":[{\"@type\":\"SearchAction\",\"target\":{\"@type\":\"EntryPoint\",\"urlTemplate\":\"https:\\\/\\\/pruebas.imcreativos.com\\\/en\\\/?s={search_term_string}\"},\"query-input\":{\"@type\":\"PropertyValueSpecification\",\"valueRequired\":true,\"valueName\":\"search_term_string\"}}],\"inLanguage\":\"en-US\"},{\"@type\":[\"Person\",\"Organization\"],\"@id\":\"https:\\\/\\\/pruebas.imcreativos.com\\\/en\\\/#\\\/schema\\\/person\\\/58dc68f178a3bacad0190ff39edef3e4\",\"name\":\"Agust\u00edn Alba P\u00e9rez\",\"image\":{\"@type\":\"ImageObject\",\"inLanguage\":\"en-US\",\"@id\":\"https:\\\/\\\/pruebas.imcreativos.com\\\/wp-content\\\/uploads\\\/2025\\\/11\\\/cropped-Logo-aloja-cadiz.png\",\"url\":\"https:\\\/\\\/pruebas.imcreativos.com\\\/wp-content\\\/uploads\\\/2025\\\/11\\\/cropped-Logo-aloja-cadiz.png\",\"contentUrl\":\"https:\\\/\\\/pruebas.imcreativos.com\\\/wp-content\\\/uploads\\\/2025\\\/11\\\/cropped-Logo-aloja-cadiz.png\",\"width\":512,\"height\":512,\"caption\":\"Agust\u00edn Alba P\u00e9rez\"},\"logo\":{\"@id\":\"https:\\\/\\\/pruebas.imcreativos.com\\\/wp-content\\\/uploads\\\/2025\\\/11\\\/cropped-Logo-aloja-cadiz.png\"}}]}<\/script>\n<!-- \/ Yoast SEO plugin. -->","yoast_head_json":{"title":"Privacy Policy - AlojaC\u00e1diz","robots":{"index":"index","follow":"follow","max-snippet":"max-snippet:-1","max-image-preview":"max-image-preview:large","max-video-preview":"max-video-preview:-1"},"canonical":"https:\/\/pruebas.imcreativos.com\/en\/privacy-policy\/","og_locale":"en_US","og_type":"article","og_title":"Privacy Policy - AlojaC\u00e1diz","og_description":"Data Controller:Agust\u00edn Alba P\u00e9rez \u2013 info@pruebas.imcreativos.com Data Collected: User registration data: first name, last name, username, and ema","og_url":"https:\/\/pruebas.imcreativos.com\/en\/privacy-policy\/","og_site_name":"AlojaC\u00e1diz","twitter_card":"summary_large_image","twitter_misc":{"Est. reading time":"1 minute"},"schema":{"@context":"https:\/\/schema.org","@graph":[{"@type":"WebPage","@id":"https:\/\/pruebas.imcreativos.com\/en\/privacy-policy\/","url":"https:\/\/pruebas.imcreativos.com\/en\/privacy-policy\/","name":"Privacy Policy - AlojaC\u00e1diz","isPartOf":{"@id":"https:\/\/pruebas.imcreativos.com\/en\/#website"},"datePublished":"2025-11-26T12:11:53+00:00","breadcrumb":{"@id":"https:\/\/pruebas.imcreativos.com\/en\/privacy-policy\/#breadcrumb"},"inLanguage":"en-US","potentialAction":[{"@type":"ReadAction","target":["https:\/\/pruebas.imcreativos.com\/en\/privacy-policy\/"]}]},{"@type":"BreadcrumbList","@id":"https:\/\/pruebas.imcreativos.com\/en\/privacy-policy\/#breadcrumb","itemListElement":[{"@type":"ListItem","position":1,"name":"Portada","item":"https:\/\/pruebas.imcreativos.com\/en\/"},{"@type":"ListItem","position":2,"name":"Privacy Policy"}]},{"@type":"WebSite","@id":"https:\/\/pruebas.imcreativos.com\/en\/#website","url":"https:\/\/pruebas.imcreativos.com\/en\/","name":"AlojaC\u00e1diz","description":"Find your ideal accommodation in Conil, El Palmar, and Vejer de la Frontera. Houses, apartments, and villas along the C\u00e1diz coast for your perfect vacation.","publisher":{"@id":"https:\/\/pruebas.imcreativos.com\/en\/#\/schema\/person\/58dc68f178a3bacad0190ff39edef3e4"},"potentialAction":[{"@type":"SearchAction","target":{"@type":"EntryPoint","urlTemplate":"https:\/\/pruebas.imcreativos.com\/en\/?s={search_term_string}"},"query-input":{"@type":"PropertyValueSpecification","valueRequired":true,"valueName":"search_term_string"}}],"inLanguage":"en-US"},{"@type":["Person","Organization"],"@id":"https:\/\/pruebas.imcreativos.com\/en\/#\/schema\/person\/58dc68f178a3bacad0190ff39edef3e4","name":"Agust\u00edn Alba P\u00e9rez","image":{"@type":"ImageObject","inLanguage":"en-US","@id":"https:\/\/pruebas.imcreativos.com\/wp-content\/uploads\/2025\/11\/cropped-Logo-aloja-cadiz.png","url":"https:\/\/pruebas.imcreativos.com\/wp-content\/uploads\/2025\/11\/cropped-Logo-aloja-cadiz.png","contentUrl":"https:\/\/pruebas.imcreativos.com\/wp-content\/uploads\/2025\/11\/cropped-Logo-aloja-cadiz.png","width":512,"height":512,"caption":"Agust\u00edn Alba P\u00e9rez"},"logo":{"@id":"https:\/\/pruebas.imcreativos.com\/wp-content\/uploads\/2025\/11\/cropped-Logo-aloja-cadiz.png"}}]}},"_links":{"self":[{"href":"https:\/\/pruebas.imcreativos.com\/en\/wp-json\/wp\/v2\/pages\/1698","targetHints":{"allow":["GET"]}}],"collection":[{"href":"https:\/\/pruebas.imcreativos.com\/en\/wp-json\/wp\/v2\/pages"}],"about":[{"href":"https:\/\/pruebas.imcreativos.com\/en\/wp-json\/wp\/v2\/types\/page"}],"author":[{"embeddable":true,"href":"https:\/\/pruebas.imcreativos.com\/en\/wp-json\/wp\/v2\/users\/1"}],"replies":[{"embeddable":true,"href":"https:\/\/pruebas.imcreativos.com\/en\/wp-json\/wp\/v2\/comments?post=1698"}],"version-history":[{"count":0,"href":"https:\/\/pruebas.imcreativos.com\/en\/wp-json\/wp\/v2\/pages\/1698\/revisions"}],"wp:attachment":[{"href":"https:\/\/pruebas.imcreativos.com\/en\/wp-json\/wp\/v2\/media?parent=1698"}],"curies":[{"name":"wp","href":"https:\/\/api.w.org\/{rel}","templated":true}]}}